{"id":2382,"date":"2020-05-12T12:10:00","date_gmt":"2020-05-12T12:10:00","guid":{"rendered":"https:\/\/felipemoura.com.br\/artclay\/?post_type=product&#038;p=2382"},"modified":"2026-04-12T19:03:31","modified_gmt":"2026-04-12T22:03:31","slug":"amphora","status":"publish","type":"product","link":"https:\/\/felipemoura.com.br\/artclay\/produtos\/amphora\/","title":{"rendered":"Tijela"},"content":{"rendered":"<p>Tijela 100% artesanal, produzidos com argila e esmaltes at\u00f3xicos, pr\u00f3prios para serem utilizados na alimenta\u00e7\u00e3o.<\/p>\n<p>&nbsp;<\/p>\n<p>Como todo produto feito artesanalmente, pequenas varia\u00e7\u00f5es no formato, tamanho e tonalidade dos esmaltes s\u00e3o esperadas.<\/p>\n","protected":false},"excerpt":{"rendered":"<p>Tijela 100% artesanal, produzidos com argila e esmaltes at\u00f3xicos, pr\u00f3prios para serem utilizados na alimenta\u00e7\u00e3o.<\/p>\n","protected":false},"featured_media":23117,"comment_status":"open","ping_status":"closed","template":"","meta":{"rs_blank_template":"","rs_page_bg_color":"","slide_template_v7":""},"product_brand":[],"product_cat":[115],"product_tag":[77,89,76],"class_list":{"0":"post-2382","1":"product","2":"type-product","3":"status-publish","4":"has-post-thumbnail","6":"product_cat-classico","7":"product_tag-history","8":"product_tag-original","9":"product_tag-used","11":"first","12":"instock","13":"shipping-taxable","14":"purchasable","15":"product-type-simple"},"_links":{"self":[{"href":"https:\/\/felipemoura.com.br\/artclay\/wp-json\/wp\/v2\/product\/2382","targetHints":{"allow":["GET"]}}],"collection":[{"href":"https:\/\/felipemoura.com.br\/artclay\/wp-json\/wp\/v2\/product"}],"about":[{"href":"https:\/\/felipemoura.com.br\/artclay\/wp-json\/wp\/v2\/types\/product"}],"replies":[{"embeddable":true,"href":"https:\/\/felipemoura.com.br\/artclay\/wp-json\/wp\/v2\/comments?post=2382"}],"wp:featuredmedia":[{"embeddable":true,"href":"https:\/\/felipemoura.com.br\/artclay\/wp-json\/wp\/v2\/media\/23117"}],"wp:attachment":[{"href":"https:\/\/felipemoura.com.br\/artclay\/wp-json\/wp\/v2\/media?parent=2382"}],"wp:term":[{"taxonomy":"product_brand","embeddable":true,"href":"https:\/\/felipemoura.com.br\/artclay\/wp-json\/wp\/v2\/product_brand?post=2382"},{"taxonomy":"product_cat","embeddable":true,"href":"https:\/\/felipemoura.com.br\/artclay\/wp-json\/wp\/v2\/product_cat?post=2382"},{"taxonomy":"product_tag","embeddable":true,"href":"https:\/\/felipemoura.com.br\/artclay\/wp-json\/wp\/v2\/product_tag?post=2382"}],"curies":[{"name":"wp","href":"https:\/\/api.w.org\/{rel}","templated":true}]}}